{"id":6626610,"date":"2023-03-24T11:20:25","date_gmt":"2023-03-24T11:20:25","guid":{"rendered":"https:\/\/www.iperche.fr\/iperche.fr\/?page_id=6626610"},"modified":"2023-03-24T11:29:24","modified_gmt":"2023-03-24T11:29:24","slug":"mentions-legales","status":"publish","type":"page","link":"https:\/\/www.iperche.fr\/iperche.fr\/mentions-legales\/","title":{"rendered":"Mentions l\u00e9gales"},"content":{"rendered":"\n<h1 class=\"alignwide has-text-align-center has-blueperso-color has-text-color wp-block-heading\">Mentions l\u00e9gales<\/h1>\n\n\n\n<div class=\"wp-block-group alignwide is-layout-flow wp-block-group-is-layout-flow\">\n<p class=\"has-blueperso-color has-text-color\">Les informations fournies dans ce site ne sont donn\u00e9es qu\u2019\u00e0 titre indicatif et n\u2019ont pas de valeur contractuelle. Ce site est soumis \u00e0 la loi fran\u00e7aise. Vous reconnaissez avoir pris connaissance des pr\u00e9sentes conditions g\u00e9n\u00e9rales d\u2019utilisation que vous vous engagez \u00e0 respecter. Vous reconnaissez disposer de la comp\u00e9tence et des moyens n\u00e9cessaires pour acc\u00e9der et utiliser ce site. Vous reconnaissez avoir v\u00e9rifi\u00e9 que la configuration informatique utilis\u00e9e ne contient aucun virus et qu\u2019elle est en parfait \u00e9tat de fonctionnement. L\u2019\u00e9diteur du site web met tout en \u0153uvre pour vous offrir des informations et\/ou outils disponibles et v\u00e9rifi\u00e9s, mais ne saurait \u00eatre tenu pour responsable des erreurs, d\u2019une absence de disponibilit\u00e9 des informations et\/ou de la pr\u00e9sence d\u2019un virus sur son site. Les informations fournies par l\u2019\u00e9diteur du site web le sont \u00e0 titre indicatif et ne sauraient vous dispenser d\u2019une analyse compl\u00e9mentaire et personnalis\u00e9e. L\u2019\u00e9diteur du site web ne saurait garantir l\u2019exactitude, la compl\u00e9tude, l\u2019actualit\u00e9 des informations diffus\u00e9es sur son site. En cons\u00e9quence, l\u2019\u00e9diteur ne saurait \u00eatre tenu pour responsable direct ou indirect des retards ou omissions quant aux contenus du pr\u00e9sent site web. En cons\u00e9quence, vous reconnaissez utiliser les informations fournies par le pr\u00e9sent site web sous votre responsabilit\u00e9 exclusive. L\u2019\u00e9diteur du site web ne saurait \u00eatre responsable de votre acc\u00e8s via les liens hypertextes mis en place dans le cadre du site web en direction d\u2019autres ressources pr\u00e9sentes sur le r\u00e9seau Internet. <\/p>\n\n\n\n<p class=\"has-blueperso-color has-text-color\"><strong>H\u00c9BERGEMENT<\/strong> <\/p>\n\n\n\n<p class=\"has-blueperso-color has-text-color\">OVH SAS au capital de 10 069 020 \u20ac<\/p>\n\n\n\n<p class=\"has-blueperso-color has-text-color\">RCS Lille M\u00e9tropole 424 761 419 00045<\/p>\n\n\n\n<p class=\"has-blueperso-color has-text-color\">Code APE 2620Z<\/p>\n\n\n\n<p class=\"has-blueperso-color has-text-color\">N\u00b0 TVA : FR 22 424 761 419<\/p>\n\n\n\n<p class=\"has-blueperso-color has-text-color\">Si\u00e8ge social : 2 rue Kellermann &#8211; 59100 Roubaix &#8211; France<\/p>\n\n\n\n<p class=\"has-blueperso-color has-text-color\"><strong>EDITEUR DU SITE<\/strong><\/p>\n\n\n\n<p class=\"has-blueperso-color has-text-color\">iPerche (responsable : Nicolas MAHRANE)<\/p>\n\n\n\n<p class=\"has-blueperso-color has-text-color\">2 Chauveau 28480 VICHERES <\/p>\n\n\n\n<p class=\"has-blueperso-color has-text-color\">T\u00e9l : 0650823866<\/p>\n\n\n\n<p class=\"has-blueperso-color has-text-color\">Email : contact{@}iperche.fr<\/p>\n\n\n\n<p class=\"has-blueperso-color has-text-color\">Num\u00e9ro du SIREN : 803794957<\/p>\n\n\n\n<p class=\"has-blueperso-color has-text-color\"><strong>DROITS D\u2019AUTEUR<\/strong><\/p>\n\n\n\n<p class=\"has-blueperso-color has-text-color\">Ce site doit \u00eatre consid\u00e9r\u00e9 comme un tout indissociable. Les informations y figurant sont r\u00e9serv\u00e9es \u00e0 un usage exclusivement personnel et ne peuvent \u00eatre en tout ou partie ni reproduites, ni communiqu\u00e9es. Certaines des donn\u00e9es (textes, publications, sons ou images) figurant sur les pages de ce site ont fait l\u2019objet d\u2019une autorisation de publication, de diffusion ou d\u2019un droit d\u2019usage acquis aupr\u00e8s de tiers. Toute reproduction, repr\u00e9sentation ou diffusion, \u00e0 des fins autres que personnelles ou celles explicitement autoris\u00e9es, en tout ou partie du contenu du site sur quelque support ou par tout proc\u00e9d\u00e9 que ce soit, est interdite. Le non-respect de cette interdiction constitue une contrefa\u00e7on susceptible d\u2019engager la responsabilit\u00e9 civile et p\u00e9nale du contrefacteur. Il est strictement interdit d\u2019utiliser ou de reproduire les logos, seuls ou associ\u00e9s, \u00e0 quelque titre que ce soit, et notamment \u00e0 des fins publicitaires, sans l\u2019accord pr\u00e9alable \u00e9crit des diff\u00e9rentes structures.<\/p>\n<\/div>\n","protected":false},"excerpt":{"rendered":"<p>Mentions l\u00e9gales Les informations fournies dans ce site ne sont donn\u00e9es qu\u2019\u00e0 titre indicatif et n\u2019ont pas de valeur contractuelle. Ce site est soumis \u00e0 la loi fran\u00e7aise. Vous reconnaissez avoir pris connaissance des pr\u00e9sentes conditions g\u00e9n\u00e9rales d\u2019utilisation que vous vous engagez \u00e0 respecter. Vous reconnaissez disposer de la comp\u00e9tence et des moyens n\u00e9cessaires pour [&hellip;]<\/p>\n","protected":false},"author":1,"featured_media":0,"parent":0,"menu_order":0,"comment_status":"closed","ping_status":"closed","template":"pgstad","meta":{"footnotes":""},"class_list":["post-6626610","page","type-page","status-publish","hentry"],"yoast_head":"<!-- This site is optimized with the Yoast SEO plugin v24.8.1 - https:\/\/yoast.com\/wordpress\/plugins\/seo\/ -->\n<title>Mentions l\u00e9gales - iPerche<\/title>\n<meta name=\"robots\" content=\"noindex, nofollow\" \/>\n<meta property=\"og:locale\" content=\"fr_FR\" \/>\n<meta property=\"og:type\" content=\"article\" \/>\n<meta property=\"og:title\" content=\"Mentions l\u00e9gales - iPerche\" \/>\n<meta property=\"og:description\" content=\"Mentions l\u00e9gales Les informations fournies dans ce site ne sont donn\u00e9es qu\u2019\u00e0 titre indicatif et n\u2019ont pas de valeur contractuelle. Ce site est soumis \u00e0 la loi fran\u00e7aise. Vous reconnaissez avoir pris connaissance des pr\u00e9sentes conditions g\u00e9n\u00e9rales d\u2019utilisation que vous vous engagez \u00e0 respecter. Vous reconnaissez disposer de la comp\u00e9tence et des moyens n\u00e9cessaires pour [&hellip;]\" \/>\n<meta property=\"og:url\" content=\"https:\/\/www.iperche.fr\/iperche.fr\/mentions-legales\/\" \/>\n<meta property=\"og:site_name\" content=\"iPerche\" \/>\n<meta property=\"article:modified_time\" content=\"2023-03-24T11:29:24+00:00\" \/>\n<meta name=\"twitter:card\" content=\"summary_large_image\" \/>\n<meta name=\"twitter:label1\" content=\"Dur\u00e9e de lecture estim\u00e9e\" \/>\n\t<meta name=\"twitter:data1\" content=\"3 minutes\" \/>\n<script type=\"application\/ld+json\" class=\"yoast-schema-graph\">{\"@context\":\"https:\/\/schema.org\",\"@graph\":[{\"@type\":\"WebPage\",\"@id\":\"https:\/\/www.iperche.fr\/iperche.fr\/mentions-legales\/\",\"url\":\"https:\/\/www.iperche.fr\/iperche.fr\/mentions-legales\/\",\"name\":\"Mentions l\u00e9gales - iPerche\",\"isPartOf\":{\"@id\":\"https:\/\/www.iperche.fr\/iperche.fr\/#website\"},\"datePublished\":\"2023-03-24T11:20:25+00:00\",\"dateModified\":\"2023-03-24T11:29:24+00:00\",\"breadcrumb\":{\"@id\":\"https:\/\/www.iperche.fr\/iperche.fr\/mentions-legales\/#breadcrumb\"},\"inLanguage\":\"fr-FR\",\"potentialAction\":[{\"@type\":\"ReadAction\",\"target\":[\"https:\/\/www.iperche.fr\/iperche.fr\/mentions-legales\/\"]}]},{\"@type\":\"BreadcrumbList\",\"@id\":\"https:\/\/www.iperche.fr\/iperche.fr\/mentions-legales\/#breadcrumb\",\"itemListElement\":[{\"@type\":\"ListItem\",\"position\":1,\"name\":\"Accueil\",\"item\":\"https:\/\/www.iperche.fr\/iperche.fr\/\"},{\"@type\":\"ListItem\",\"position\":2,\"name\":\"Mentions l\u00e9gales\"}]},{\"@type\":\"WebSite\",\"@id\":\"https:\/\/www.iperche.fr\/iperche.fr\/#website\",\"url\":\"https:\/\/www.iperche.fr\/iperche.fr\/\",\"name\":\"iPerche\",\"description\":\"Agence Web et de Communications\",\"potentialAction\":[{\"@type\":\"SearchAction\",\"target\":{\"@type\":\"EntryPoint\",\"urlTemplate\":\"https:\/\/www.iperche.fr\/iperche.fr\/?s={search_term_string}\"},\"query-input\":{\"@type\":\"PropertyValueSpecification\",\"valueRequired\":true,\"valueName\":\"search_term_string\"}}],\"inLanguage\":\"fr-FR\"}]}<\/script>\n<!-- \/ Yoast SEO plugin. -->","yoast_head_json":{"title":"Mentions l\u00e9gales - iPerche","robots":{"index":"noindex","follow":"nofollow"},"og_locale":"fr_FR","og_type":"article","og_title":"Mentions l\u00e9gales - iPerche","og_description":"Mentions l\u00e9gales Les informations fournies dans ce site ne sont donn\u00e9es qu\u2019\u00e0 titre indicatif et n\u2019ont pas de valeur contractuelle. Ce site est soumis \u00e0 la loi fran\u00e7aise. Vous reconnaissez avoir pris connaissance des pr\u00e9sentes conditions g\u00e9n\u00e9rales d\u2019utilisation que vous vous engagez \u00e0 respecter. Vous reconnaissez disposer de la comp\u00e9tence et des moyens n\u00e9cessaires pour [&hellip;]","og_url":"https:\/\/www.iperche.fr\/iperche.fr\/mentions-legales\/","og_site_name":"iPerche","article_modified_time":"2023-03-24T11:29:24+00:00","twitter_card":"summary_large_image","twitter_misc":{"Dur\u00e9e de lecture estim\u00e9e":"3 minutes"},"schema":{"@context":"https:\/\/schema.org","@graph":[{"@type":"WebPage","@id":"https:\/\/www.iperche.fr\/iperche.fr\/mentions-legales\/","url":"https:\/\/www.iperche.fr\/iperche.fr\/mentions-legales\/","name":"Mentions l\u00e9gales - iPerche","isPartOf":{"@id":"https:\/\/www.iperche.fr\/iperche.fr\/#website"},"datePublished":"2023-03-24T11:20:25+00:00","dateModified":"2023-03-24T11:29:24+00:00","breadcrumb":{"@id":"https:\/\/www.iperche.fr\/iperche.fr\/mentions-legales\/#breadcrumb"},"inLanguage":"fr-FR","potentialAction":[{"@type":"ReadAction","target":["https:\/\/www.iperche.fr\/iperche.fr\/mentions-legales\/"]}]},{"@type":"BreadcrumbList","@id":"https:\/\/www.iperche.fr\/iperche.fr\/mentions-legales\/#breadcrumb","itemListElement":[{"@type":"ListItem","position":1,"name":"Accueil","item":"https:\/\/www.iperche.fr\/iperche.fr\/"},{"@type":"ListItem","position":2,"name":"Mentions l\u00e9gales"}]},{"@type":"WebSite","@id":"https:\/\/www.iperche.fr\/iperche.fr\/#website","url":"https:\/\/www.iperche.fr\/iperche.fr\/","name":"iPerche","description":"Agence Web et de Communications","potentialAction":[{"@type":"SearchAction","target":{"@type":"EntryPoint","urlTemplate":"https:\/\/www.iperche.fr\/iperche.fr\/?s={search_term_string}"},"query-input":{"@type":"PropertyValueSpecification","valueRequired":true,"valueName":"search_term_string"}}],"inLanguage":"fr-FR"}]}},"_links":{"self":[{"href":"https:\/\/www.iperche.fr\/iperche.fr\/wp-json\/wp\/v2\/pages\/6626610","targetHints":{"allow":["GET"]}}],"collection":[{"href":"https:\/\/www.iperche.fr\/iperche.fr\/wp-json\/wp\/v2\/pages"}],"about":[{"href":"https:\/\/www.iperche.fr\/iperche.fr\/wp-json\/wp\/v2\/types\/page"}],"author":[{"embeddable":true,"href":"https:\/\/www.iperche.fr\/iperche.fr\/wp-json\/wp\/v2\/users\/1"}],"replies":[{"embeddable":true,"href":"https:\/\/www.iperche.fr\/iperche.fr\/wp-json\/wp\/v2\/comments?post=6626610"}],"version-history":[{"count":4,"href":"https:\/\/www.iperche.fr\/iperche.fr\/wp-json\/wp\/v2\/pages\/6626610\/revisions"}],"predecessor-version":[{"id":6626614,"href":"https:\/\/www.iperche.fr\/iperche.fr\/wp-json\/wp\/v2\/pages\/6626610\/revisions\/6626614"}],"wp:attachment":[{"href":"https:\/\/www.iperche.fr\/iperche.fr\/wp-json\/wp\/v2\/media?parent=6626610"}],"curies":[{"name":"wp","href":"https:\/\/api.w.org\/{rel}","templated":true}]}}