{"id":6626636,"date":"2023-03-27T15:38:05","date_gmt":"2023-03-27T15:38:05","guid":{"rendered":"https:\/\/www.iperche.fr\/iperche.fr\/?page_id=6626636"},"modified":"2023-03-27T15:44:27","modified_gmt":"2023-03-27T15:44:27","slug":"contactez-nous-pour-vos-projets-web-et-de-communication","status":"publish","type":"page","link":"https:\/\/www.iperche.fr\/iperche.fr\/contactez-nous-pour-vos-projets-web-et-de-communication\/","title":{"rendered":"Contactez-nous pour vos projets web et de communication"},"content":{"rendered":"\n<div class=\"wp-block-group alignfull has-global-padding is-layout-constrained wp-block-group-is-layout-constrained\">\n<figure class=\"wp-block-image alignfull size-full\"><a href=\"https:\/\/www.google.com\/search?rlz=1C1ONGR_frFR931FR931&amp;tbs=lf:1,lf_ui:14&amp;tbm=lcl&amp;sxsrf=APwXEdfnAwpRv6G4oMtFTpwTfyUCgktYIA:1679930523068&amp;q=iperche&amp;rflfq=1&amp;num=10&amp;ved=2ahUKEwjlqMzwtPz9AhXnQ6QEHeACChkQtgN6BAg1EAc#rlfi=hd:;si:;mv:[[48.626488099999996,2.3825312999999997],[48.2461529,0.8420769]];tbs:lrf:!1m4!1u3!2m2!3m1!1e1!1m4!1u2!2m2!2m1!1e1!2m1!1e2!2m1!1e3!3sIAE,lf:1,lf_ui:14\" target=\"_blank\" rel=\"noreferrer noopener\"><img loading=\"lazy\" decoding=\"async\" width=\"1920\" height=\"800\" src=\"https:\/\/www.iperche.fr\/iperche.fr\/wp-content\/uploads\/2023\/03\/agence-web-communication-eure-et-loir-28-nogent-le-rotrou-orne-61-alencon-sarthe-72-le-mans.jpg\" alt=\"\" class=\"wp-image-6626675\" srcset=\"https:\/\/www.iperche.fr\/iperche.fr\/wp-content\/uploads\/2023\/03\/agence-web-communication-eure-et-loir-28-nogent-le-rotrou-orne-61-alencon-sarthe-72-le-mans.jpg 1920w, https:\/\/www.iperche.fr\/iperche.fr\/wp-content\/uploads\/2023\/03\/agence-web-communication-eure-et-loir-28-nogent-le-rotrou-orne-61-alencon-sarthe-72-le-mans-300x125.jpg 300w, https:\/\/www.iperche.fr\/iperche.fr\/wp-content\/uploads\/2023\/03\/agence-web-communication-eure-et-loir-28-nogent-le-rotrou-orne-61-alencon-sarthe-72-le-mans-1024x427.jpg 1024w, https:\/\/www.iperche.fr\/iperche.fr\/wp-content\/uploads\/2023\/03\/agence-web-communication-eure-et-loir-28-nogent-le-rotrou-orne-61-alencon-sarthe-72-le-mans-768x320.jpg 768w, https:\/\/www.iperche.fr\/iperche.fr\/wp-content\/uploads\/2023\/03\/agence-web-communication-eure-et-loir-28-nogent-le-rotrou-orne-61-alencon-sarthe-72-le-mans-1536x640.jpg 1536w\" sizes=\"auto, (max-width: 1920px) 100vw, 1920px\" \/><\/a><\/figure>\n\n\n\n<div class=\"wp-block-group alignfull is-layout-flow wp-block-group-is-layout-flow\">\n<h1 class=\"alignwide has-text-align-center has-large-font-size wp-block-heading\"><span class=\"nom-iperche logo-bas\">iPerche<\/span><span class=\"slogan\">, votre agence Web et de communication<span><\/span><\/span><\/h1>\n\n\n\n<h2 class=\"alignwide has-text-align-center has-black-color has-text-color has-medium-font-size wp-block-heading\">VOUS SOUHAITEZ UN SITE INTERNET VITRINE ?<\/h2>\n\n\n\n<h2 class=\"alignwide has-text-align-center has-black-color has-text-color has-medium-font-size wp-block-heading\">VOUS AVEZ BESOIN DE COMMUNIQUER SUR VOTRE ACTIVIT\u00c9 ?<\/h2>\n\n\n\n<h2 class=\"alignwide has-text-align-center has-black-color has-text-color has-medium-font-size wp-block-heading\">VOUS VOULEZ VENDRE SUR INTERNET GR\u00c2CE \u00c0 UNE BOUTIQUE EN LIGNE \/ SITE E-COMMERCE ?<\/h2>\n\n\n\n<p class=\"has-text-align-center\">Vous n&rsquo;avez pas trouv\u00e9 sur notre site la r\u00e9ponse \u00e0 vos questions.<br>Vous souhaitez obtenir plus d&rsquo;informations.<br>N&rsquo;h\u00e9sitez pas \u00e0 remplir le formulaire ci-dessous ou \u00e0 nous appeler pour avoir des explications.<\/p>\n\n\n\n<div style=\"height:50px\" aria-hidden=\"true\" class=\"wp-block-spacer\"><\/div>\n<\/div>\n\n\n\n<div class=\"wp-block-group alignfull has-global-padding is-layout-constrained wp-block-group-is-layout-constrained\">\n<div class=\"wp-block-columns alignwide is-layout-flex wp-container-core-columns-is-layout-28f84493 wp-block-columns-is-layout-flex\">\n<div class=\"wp-block-column page-contact is-layout-flow wp-block-column-is-layout-flow\" style=\"flex-basis:30%\">\n<h3 class=\"has-text-align-center has-blueperso-color has-text-color wp-block-heading\" style=\"text-transform:none\"><span class=\"nom-iperche\"><strong>iPerche<\/strong><\/span> , votre agence Web et de Commmunication<\/h3>\n\n\n\n<p>Bas\u00e9e dans le parc naturel du Perche se situant sur 3 D\u00e9partements (Eure-et-loir 28, Orne 61 et Sarthe 72) et \u00e0 Br\u00e9tigny-sur-orge (Essonne \u2013 91), nous vous proposons de vous accompagner dans vos projets de communication : cr\u00e9ation de sites Internet et de sites e-commerce, cr\u00e9ation graphique (publicit\u00e9s, cartes de visite, affiches Grands Formats, flyers, etc),\u2026<\/p>\n\n\n\n<p><a class=\"coord adresse\" href=\"https:\/\/goo.gl\/maps\/n2PvUkARB2r5eJ718\" target=\"_blank\" rel=\"noopener\">2 lieu-dit chauveau<span class=\"ville\"><span>28480<\/span> <span itemprop=\"addressLocality\">Vich\u00e8res<\/span><\/span><\/a><\/p>\n\n\n\n<p><a class=\"coord adresse\" href=\"https:\/\/goo.gl\/maps\/yLiarERzcPJmWpL87\" target=\"_blank\" rel=\"noopener\">4 place Federico Garcia Lorca<span class=\"ville\"><span itemprop=\"postalCode\">91220<\/span> <span itemprop=\"addressLocality\">Br\u00e9tigny-sur-orge<\/span><\/span><\/a><\/p>\n\n\n\n<p class=\"coord phone\"> <a itemprop=\"telephone\" href=\"tel:+33973565531\">09.73.56.55.31<\/a><\/p>\n\n\n\n<p class=\"coord mobile\"><a itemprop=\"telephone\" href=\"tel:+33650823866\">06.50.82.38.66<\/a><\/p>\n\n\n\n<p class=\"coord mail\"><a href=\"mailto:contact@iperche.fr\">contact@iperche.fr<\/a><\/p>\n\n\n\n<p class=\"coord fcbk\"><a class=\"\" href=\"https:\/\/www.facebook.com\/iperche.fr\" target=\"_blank\" rel=\"noopener\">Nous rejoindre<\/a><\/p>\n\n\n\n<p class=\"coord twitter\"><a target=\"_blank\" rel=\"noopener\" href=\"https:\/\/twitter.com\/iperche?lang=fr\" class=\"\">Nous suivre<\/a><\/p>\n<\/div>\n\n\n\n<div class=\"wp-block-column is-layout-flow wp-block-column-is-layout-flow\" style=\"flex-basis:70%\">\n<p class=\"has-text-align-center\"><strong>MERCI DE REMPLIR LE FORMULAIRE DE CONTACT<\/strong><\/p>\n\n\n\n<div class=\"wp-block-contact-form-7-contact-form-selector\">\n<div class=\"wpcf7 no-js\" id=\"wpcf7-f368-o1\" lang=\"fr-FR\" dir=\"ltr\" data-wpcf7-id=\"368\">\n<div class=\"screen-reader-response\"><p role=\"status\" aria-live=\"polite\" aria-atomic=\"true\"><\/p> <ul><\/ul><\/div>\n<form action=\"\/iperche.fr\/wp-json\/wp\/v2\/pages\/6626636#wpcf7-f368-o1\" method=\"post\" class=\"wpcf7-form init\" aria-label=\"Formulaire de contact\" novalidate=\"novalidate\" data-status=\"init\">\n<div style=\"display: none;\">\n<input type=\"hidden\" name=\"_wpcf7\" value=\"368\" \/>\n<input type=\"hidden\" name=\"_wpcf7_version\" value=\"6.0.5\" \/>\n<input type=\"hidden\" name=\"_wpcf7_locale\" value=\"fr_FR\" \/>\n<input type=\"hidden\" name=\"_wpcf7_unit_tag\" value=\"wpcf7-f368-o1\" \/>\n<input type=\"hidden\" name=\"_wpcf7_container_post\" value=\"0\" \/>\n<input type=\"hidden\" name=\"_wpcf7_posted_data_hash\" value=\"\" \/>\n<\/div>\n<p><span class=\"wpcf7-form-control-wrap\" data-name=\"your-name\"><input size=\"40\" maxlength=\"400\" class=\"wpcf7-form-control wpcf7-text wpcf7-validates-as-required\" autocomplete=\"name\" aria-required=\"true\" aria-invalid=\"false\" placeholder=\"Votre nom *\" value=\"\" type=\"text\" name=\"your-name\" \/><\/span><br \/>\n<span class=\"wpcf7-form-control-wrap\" data-name=\"your-last\"><input size=\"40\" maxlength=\"400\" class=\"wpcf7-form-control wpcf7-text wpcf7-validates-as-required\" autocomplete=\"name\" aria-required=\"true\" aria-invalid=\"false\" placeholder=\"Votre pr\u00e9nom *\" value=\"\" type=\"text\" name=\"your-last\" \/><\/span><br \/>\n<span class=\"wpcf7-form-control-wrap\" data-name=\"your-email\"><input size=\"40\" maxlength=\"400\" class=\"wpcf7-form-control wpcf7-email wpcf7-validates-as-required wpcf7-text wpcf7-validates-as-email\" autocomplete=\"email\" aria-required=\"true\" aria-invalid=\"false\" placeholder=\"Email *\" value=\"\" type=\"email\" name=\"your-email\" \/><\/span><br \/>\n<span class=\"wpcf7-form-control-wrap\" data-name=\"tel\"><input size=\"40\" maxlength=\"400\" class=\"wpcf7-form-control wpcf7-tel wpcf7-validates-as-required wpcf7-text wpcf7-validates-as-tel\" autocomplete=\"phone\" aria-required=\"true\" aria-invalid=\"false\" placeholder=\"Votre t\u00e9l\u00e9phone *\" value=\"\" type=\"tel\" name=\"tel\" \/><\/span><br \/>\n<span class=\"wpcf7-form-control-wrap\" data-name=\"your-message\"><textarea cols=\"40\" rows=\"10\" maxlength=\"2000\" class=\"wpcf7-form-control wpcf7-textarea wpcf7-validates-as-required\" aria-required=\"true\" aria-invalid=\"false\" placeholder=\"Votre message *\" name=\"your-message\"><\/textarea><\/span><br \/>\n<span class=\"wpcf7-form-control-wrap\" data-name=\"rgpd\"><span class=\"wpcf7-form-control wpcf7-acceptance\"><span class=\"wpcf7-list-item\"><label><input type=\"checkbox\" name=\"rgpd\" value=\"1\" class=\"accepter\" aria-invalid=\"false\" \/><span class=\"wpcf7-list-item-label\">En cochant cette case, j'accepte que mes donn\u00e9es soient utilis\u00e9es afin d'\u00eatre recontact\u00e9 \u00e0 des fins commerciales selon la <a href=\"https:\/\/www.iperche.fr\/vie-privee\/\">politique de confidentialit\u00e9 du site *<\/a><\/span><\/label><\/span><\/span><\/span><br \/>\n<input class=\"wpcf7-form-control wpcf7-submit has-spinner\" type=\"submit\" value=\"Envoyer\" \/>\n<\/p>\n<p><span class=\"mentions\">* Champs obligatoires<\/span><br \/>\n<span class=\"infos\"><i class=\"fas fa-info-circle\"><\/i>&nbsp; Nous ne communiquons pas vos donn\u00e9es \u00e0 des tiers.<\/span>\n<\/p><div class=\"wpcf7-response-output\" aria-hidden=\"true\"><\/div>\n<\/form>\n<\/div>\n<\/div>\n<\/div>\n<\/div>\n<\/div>\n<\/div>\n","protected":false},"excerpt":{"rendered":"<p>iPerche, votre agence Web et de communication VOUS SOUHAITEZ UN SITE INTERNET VITRINE ? VOUS AVEZ BESOIN DE COMMUNIQUER SUR VOTRE ACTIVIT\u00c9 ? VOUS VOULEZ VENDRE SUR INTERNET GR\u00c2CE \u00c0 UNE BOUTIQUE EN LIGNE \/ SITE E-COMMERCE ? Vous n&rsquo;avez pas trouv\u00e9 sur notre site la r\u00e9ponse \u00e0 vos questions.Vous souhaitez obtenir plus d&rsquo;informations.N&rsquo;h\u00e9sitez pas [&hellip;]<\/p>\n","protected":false},"author":1,"featured_media":0,"parent":0,"menu_order":0,"comment_status":"closed","ping_status":"closed","template":"pgstad","meta":{"footnotes":""},"class_list":["post-6626636","page","type-page","status-publish","hentry"],"yoast_head":"<!-- This site is optimized with the Yoast SEO plugin v24.8.1 - https:\/\/yoast.com\/wordpress\/plugins\/seo\/ -->\n<title>Contactez-nous pour vos projets web et de communication - iPerche<\/title>\n<meta name=\"description\" content=\"iPerche est une agence web et de communication bas\u00e9e en Eure-et-Loir et en Essonne qui vous accompagne dans votre communication digitale.\" \/>\n<meta name=\"robots\" content=\"noindex, follow, max-snippet:-1, max-image-preview:large, max-video-preview:-1\" \/>\n<meta property=\"og:locale\" content=\"fr_FR\" \/>\n<meta property=\"og:type\" content=\"article\" \/>\n<meta property=\"og:title\" content=\"Contactez-nous pour vos projets web et de communication - iPerche\" \/>\n<meta property=\"og:description\" content=\"iPerche est une agence web et de communication bas\u00e9e en Eure-et-Loir et en Essonne qui vous accompagne dans votre communication digitale.\" \/>\n<meta property=\"og:url\" content=\"https:\/\/www.iperche.fr\/iperche.fr\/contactez-nous-pour-vos-projets-web-et-de-communication\/\" \/>\n<meta property=\"og:site_name\" content=\"iPerche\" \/>\n<meta property=\"article:modified_time\" content=\"2023-03-27T15:44:27+00:00\" \/>\n<meta property=\"og:image\" content=\"https:\/\/www.iperche.fr\/iperche.fr\/wp-content\/uploads\/2023\/03\/agence-web-communication-eure-et-loir-28-nogent-le-rotrou-orne-61-alencon-sarthe-72-le-mans.jpg\" \/>\n<meta name=\"twitter:card\" content=\"summary_large_image\" \/>\n<meta name=\"twitter:label1\" content=\"Dur\u00e9e de lecture estim\u00e9e\" \/>\n\t<meta name=\"twitter:data1\" content=\"2 minutes\" \/>\n<script type=\"application\/ld+json\" class=\"yoast-schema-graph\">{\"@context\":\"https:\/\/schema.org\",\"@graph\":[{\"@type\":\"WebPage\",\"@id\":\"https:\/\/www.iperche.fr\/iperche.fr\/contactez-nous-pour-vos-projets-web-et-de-communication\/\",\"url\":\"https:\/\/www.iperche.fr\/iperche.fr\/contactez-nous-pour-vos-projets-web-et-de-communication\/\",\"name\":\"Contactez-nous pour vos projets web et de communication - iPerche\",\"isPartOf\":{\"@id\":\"https:\/\/www.iperche.fr\/iperche.fr\/#website\"},\"primaryImageOfPage\":{\"@id\":\"https:\/\/www.iperche.fr\/iperche.fr\/contactez-nous-pour-vos-projets-web-et-de-communication\/#primaryimage\"},\"image\":{\"@id\":\"https:\/\/www.iperche.fr\/iperche.fr\/contactez-nous-pour-vos-projets-web-et-de-communication\/#primaryimage\"},\"thumbnailUrl\":\"https:\/\/www.iperche.fr\/iperche.fr\/wp-content\/uploads\/2023\/03\/agence-web-communication-eure-et-loir-28-nogent-le-rotrou-orne-61-alencon-sarthe-72-le-mans.jpg\",\"datePublished\":\"2023-03-27T15:38:05+00:00\",\"dateModified\":\"2023-03-27T15:44:27+00:00\",\"description\":\"iPerche est une agence web et de communication bas\u00e9e en Eure-et-Loir et en Essonne qui vous accompagne dans votre communication digitale.\",\"breadcrumb\":{\"@id\":\"https:\/\/www.iperche.fr\/iperche.fr\/contactez-nous-pour-vos-projets-web-et-de-communication\/#breadcrumb\"},\"inLanguage\":\"fr-FR\",\"potentialAction\":[{\"@type\":\"ReadAction\",\"target\":[\"https:\/\/www.iperche.fr\/iperche.fr\/contactez-nous-pour-vos-projets-web-et-de-communication\/\"]}]},{\"@type\":\"ImageObject\",\"inLanguage\":\"fr-FR\",\"@id\":\"https:\/\/www.iperche.fr\/iperche.fr\/contactez-nous-pour-vos-projets-web-et-de-communication\/#primaryimage\",\"url\":\"https:\/\/www.iperche.fr\/iperche.fr\/wp-content\/uploads\/2023\/03\/agence-web-communication-eure-et-loir-28-nogent-le-rotrou-orne-61-alencon-sarthe-72-le-mans.jpg\",\"contentUrl\":\"https:\/\/www.iperche.fr\/iperche.fr\/wp-content\/uploads\/2023\/03\/agence-web-communication-eure-et-loir-28-nogent-le-rotrou-orne-61-alencon-sarthe-72-le-mans.jpg\",\"width\":1920,\"height\":800},{\"@type\":\"BreadcrumbList\",\"@id\":\"https:\/\/www.iperche.fr\/iperche.fr\/contactez-nous-pour-vos-projets-web-et-de-communication\/#breadcrumb\",\"itemListElement\":[{\"@type\":\"ListItem\",\"position\":1,\"name\":\"Accueil\",\"item\":\"https:\/\/www.iperche.fr\/iperche.fr\/\"},{\"@type\":\"ListItem\",\"position\":2,\"name\":\"Contactez-nous pour vos projets web et de communication\"}]},{\"@type\":\"WebSite\",\"@id\":\"https:\/\/www.iperche.fr\/iperche.fr\/#website\",\"url\":\"https:\/\/www.iperche.fr\/iperche.fr\/\",\"name\":\"iPerche\",\"description\":\"Agence Web et de Communications\",\"potentialAction\":[{\"@type\":\"SearchAction\",\"target\":{\"@type\":\"EntryPoint\",\"urlTemplate\":\"https:\/\/www.iperche.fr\/iperche.fr\/?s={search_term_string}\"},\"query-input\":{\"@type\":\"PropertyValueSpecification\",\"valueRequired\":true,\"valueName\":\"search_term_string\"}}],\"inLanguage\":\"fr-FR\"}]}<\/script>\n<!-- \/ Yoast SEO plugin. -->","yoast_head_json":{"title":"Contactez-nous pour vos projets web et de communication - iPerche","description":"iPerche est une agence web et de communication bas\u00e9e en Eure-et-Loir et en Essonne qui vous accompagne dans votre communication digitale.","robots":{"index":"noindex","follow":"follow","max-snippet":"max-snippet:-1","max-image-preview":"max-image-preview:large","max-video-preview":"max-video-preview:-1"},"og_locale":"fr_FR","og_type":"article","og_title":"Contactez-nous pour vos projets web et de communication - iPerche","og_description":"iPerche est une agence web et de communication bas\u00e9e en Eure-et-Loir et en Essonne qui vous accompagne dans votre communication digitale.","og_url":"https:\/\/www.iperche.fr\/iperche.fr\/contactez-nous-pour-vos-projets-web-et-de-communication\/","og_site_name":"iPerche","article_modified_time":"2023-03-27T15:44:27+00:00","og_image":[{"url":"https:\/\/www.iperche.fr\/iperche.fr\/wp-content\/uploads\/2023\/03\/agence-web-communication-eure-et-loir-28-nogent-le-rotrou-orne-61-alencon-sarthe-72-le-mans.jpg","type":"","width":"","height":""}],"twitter_card":"summary_large_image","twitter_misc":{"Dur\u00e9e de lecture estim\u00e9e":"2 minutes"},"schema":{"@context":"https:\/\/schema.org","@graph":[{"@type":"WebPage","@id":"https:\/\/www.iperche.fr\/iperche.fr\/contactez-nous-pour-vos-projets-web-et-de-communication\/","url":"https:\/\/www.iperche.fr\/iperche.fr\/contactez-nous-pour-vos-projets-web-et-de-communication\/","name":"Contactez-nous pour vos projets web et de communication - iPerche","isPartOf":{"@id":"https:\/\/www.iperche.fr\/iperche.fr\/#website"},"primaryImageOfPage":{"@id":"https:\/\/www.iperche.fr\/iperche.fr\/contactez-nous-pour-vos-projets-web-et-de-communication\/#primaryimage"},"image":{"@id":"https:\/\/www.iperche.fr\/iperche.fr\/contactez-nous-pour-vos-projets-web-et-de-communication\/#primaryimage"},"thumbnailUrl":"https:\/\/www.iperche.fr\/iperche.fr\/wp-content\/uploads\/2023\/03\/agence-web-communication-eure-et-loir-28-nogent-le-rotrou-orne-61-alencon-sarthe-72-le-mans.jpg","datePublished":"2023-03-27T15:38:05+00:00","dateModified":"2023-03-27T15:44:27+00:00","description":"iPerche est une agence web et de communication bas\u00e9e en Eure-et-Loir et en Essonne qui vous accompagne dans votre communication digitale.","breadcrumb":{"@id":"https:\/\/www.iperche.fr\/iperche.fr\/contactez-nous-pour-vos-projets-web-et-de-communication\/#breadcrumb"},"inLanguage":"fr-FR","potentialAction":[{"@type":"ReadAction","target":["https:\/\/www.iperche.fr\/iperche.fr\/contactez-nous-pour-vos-projets-web-et-de-communication\/"]}]},{"@type":"ImageObject","inLanguage":"fr-FR","@id":"https:\/\/www.iperche.fr\/iperche.fr\/contactez-nous-pour-vos-projets-web-et-de-communication\/#primaryimage","url":"https:\/\/www.iperche.fr\/iperche.fr\/wp-content\/uploads\/2023\/03\/agence-web-communication-eure-et-loir-28-nogent-le-rotrou-orne-61-alencon-sarthe-72-le-mans.jpg","contentUrl":"https:\/\/www.iperche.fr\/iperche.fr\/wp-content\/uploads\/2023\/03\/agence-web-communication-eure-et-loir-28-nogent-le-rotrou-orne-61-alencon-sarthe-72-le-mans.jpg","width":1920,"height":800},{"@type":"BreadcrumbList","@id":"https:\/\/www.iperche.fr\/iperche.fr\/contactez-nous-pour-vos-projets-web-et-de-communication\/#breadcrumb","itemListElement":[{"@type":"ListItem","position":1,"name":"Accueil","item":"https:\/\/www.iperche.fr\/iperche.fr\/"},{"@type":"ListItem","position":2,"name":"Contactez-nous pour vos projets web et de communication"}]},{"@type":"WebSite","@id":"https:\/\/www.iperche.fr\/iperche.fr\/#website","url":"https:\/\/www.iperche.fr\/iperche.fr\/","name":"iPerche","description":"Agence Web et de Communications","potentialAction":[{"@type":"SearchAction","target":{"@type":"EntryPoint","urlTemplate":"https:\/\/www.iperche.fr\/iperche.fr\/?s={search_term_string}"},"query-input":{"@type":"PropertyValueSpecification","valueRequired":true,"valueName":"search_term_string"}}],"inLanguage":"fr-FR"}]}},"_links":{"self":[{"href":"https:\/\/www.iperche.fr\/iperche.fr\/wp-json\/wp\/v2\/pages\/6626636","targetHints":{"allow":["GET"]}}],"collection":[{"href":"https:\/\/www.iperche.fr\/iperche.fr\/wp-json\/wp\/v2\/pages"}],"about":[{"href":"https:\/\/www.iperche.fr\/iperche.fr\/wp-json\/wp\/v2\/types\/page"}],"author":[{"embeddable":true,"href":"https:\/\/www.iperche.fr\/iperche.fr\/wp-json\/wp\/v2\/users\/1"}],"replies":[{"embeddable":true,"href":"https:\/\/www.iperche.fr\/iperche.fr\/wp-json\/wp\/v2\/comments?post=6626636"}],"version-history":[{"count":60,"href":"https:\/\/www.iperche.fr\/iperche.fr\/wp-json\/wp\/v2\/pages\/6626636\/revisions"}],"predecessor-version":[{"id":6626700,"href":"https:\/\/www.iperche.fr\/iperche.fr\/wp-json\/wp\/v2\/pages\/6626636\/revisions\/6626700"}],"wp:attachment":[{"href":"https:\/\/www.iperche.fr\/iperche.fr\/wp-json\/wp\/v2\/media?parent=6626636"}],"curies":[{"name":"wp","href":"https:\/\/api.w.org\/{rel}","templated":true}]}}